{"id":76,"date":"2020-04-08T10:59:12","date_gmt":"2020-04-08T10:59:12","guid":{"rendered":"https:\/\/orgapro.de\/buxel\/?page_id=76"},"modified":"2022-07-21T16:39:22","modified_gmt":"2022-07-21T16:39:22","slug":"herzlich-willkommen-auf-unserer-homepage","status":"publish","type":"page","link":"https:\/\/buxel-gmbh.info\/","title":{"rendered":"Herzlich willkommen auf unserer Homepage"},"content":{"rendered":"\n<p class=\"has-text-align-left\" style=\"font-size:14px\">Die Buxel GmbH wurde aus einem traditionsreichen Familien-Unternehmen im Jahr 2011 neu gegr\u00fcndet.<br>Seitdem wurde stetig in moderne Technik investiert.<br>Dieses wurde erforderlich um sich den neuen Marktsituationen und Herausforderungen zu stellen.<br>Automatisierte Plattenzuschnitte und CNC-Technik best\u00e4tigen unseren bisherigen Erfolg im Aufgabengebiet mittelst\u00e4ndiger Unternehmen. Wir verf\u00fcgen \u00fcber gute Kontakte zu Lieferanten im Bereich Plattenmaterialien und ein ausreichendes Zwischenlager f\u00fcr Holzwerkstoffe.<br>Durch unsere Flexibilit\u00e4t sind wir in der Lage Sonderanfertigungen und Serien zeitnah zu fertigen.<\/p>\n\n\n\n<p><\/p>\n\n\n\n<p class=\"has-text-align-left\" style=\"font-size:14px\"><strong>Industrielieferant f\u00fcr:<\/strong><\/p>\n\n\n\n<ul style=\"font-size:14px\"><li>F\u00f6rdertechnik<\/li><li>Transportger\u00e4te<\/li><li>Fahrzeugbau<\/li><\/ul>\n\n\n\n<p class=\"has-text-align-left\"><strong>Lohnarbeiten:<\/strong><\/p>\n\n\n\n<ul style=\"font-size:14px\"><li>Plattenzuschnitte<\/li><li>CNC- Fr\u00e4sarbeiten<\/li><\/ul>\n\n\n\n<p><\/p>\n\n\n\n<p><\/p>\n\n\n\n<p>\u00a0\u00a0<\/p>\n\n\n\n<p>\u00a0\u00a0<\/p>\n\n\n\n<p class=\"has-text-align-center\"><strong>Unsere Partner:<\/strong><\/p>\n\n\n<div class=\"wp-block-image\">\n<figure class=\"alignleft size-full is-resized\"><a href=\"https:\/\/spezialsperrholz.de\"><img loading=\"lazy\" src=\"https:\/\/buxel-gmbh.info\/wp-content\/uploads\/2022\/07\/KLH_LOGO.bmp\" alt=\"\" class=\"wp-image-172\" width=\"306\" height=\"96\" srcset=\"https:\/\/buxel-gmbh.info\/wp-content\/uploads\/2022\/07\/KLH_LOGO.bmp 351w, https:\/\/buxel-gmbh.info\/wp-content\/uploads\/2022\/07\/KLH_LOGO-300x94.jpg 300w\" sizes=\"(max-width: 306px) 100vw, 306px\" \/><\/a><\/figure><\/div>\n\n<div class=\"wp-block-image\">\n<figure class=\"alignright size-full is-resized\"><a href=\"https:\/\/holzkisten24.de\"><img loading=\"lazy\" src=\"https:\/\/buxel-gmbh.info\/wp-content\/uploads\/2022\/07\/ELB_LOGO.bmp\" alt=\"\" class=\"wp-image-173\" width=\"305\" height=\"70\" srcset=\"https:\/\/buxel-gmbh.info\/wp-content\/uploads\/2022\/07\/ELB_LOGO.bmp 761w, https:\/\/buxel-gmbh.info\/wp-content\/uploads\/2022\/07\/ELB_LOGO-300x69.jpg 300w\" sizes=\"(max-width: 305px) 100vw, 305px\" \/><\/a><\/figure><\/div>","protected":false},"excerpt":{"rendered":"<p>Die Buxel GmbH wurde aus einem traditionsreichen Familien-Unternehmen im Jahr 2011 neu gegr\u00fcndet.Seitdem wurde stetig in moderne Technik investiert.Dieses wurde<\/p>\n","protected":false},"author":2,"featured_media":0,"parent":0,"menu_order":0,"comment_status":"closed","ping_status":"closed","template":"","meta":[],"_links":{"self":[{"href":"https:\/\/buxel-gmbh.info\/index.php?rest_route=\/wp\/v2\/pages\/76"}],"collection":[{"href":"https:\/\/buxel-gmbh.info\/index.php?rest_route=\/wp\/v2\/pages"}],"about":[{"href":"https:\/\/buxel-gmbh.info\/index.php?rest_route=\/wp\/v2\/types\/page"}],"author":[{"embeddable":true,"href":"https:\/\/buxel-gmbh.info\/index.php?rest_route=\/wp\/v2\/users\/2"}],"replies":[{"embeddable":true,"href":"https:\/\/buxel-gmbh.info\/index.php?rest_route=%2Fwp%2Fv2%2Fcomments&post=76"}],"version-history":[{"count":19,"href":"https:\/\/buxel-gmbh.info\/index.php?rest_route=\/wp\/v2\/pages\/76\/revisions"}],"predecessor-version":[{"id":201,"href":"https:\/\/buxel-gmbh.info\/index.php?rest_route=\/wp\/v2\/pages\/76\/revisions\/201"}],"wp:attachment":[{"href":"https:\/\/buxel-gmbh.info\/index.php?rest_route=%2Fwp%2Fv2%2Fmedia&parent=76"}],"curies":[{"name":"wp","href":"https:\/\/api.w.org\/{rel}","templated":true}]}}