{"id":152,"date":"2022-07-21T15:25:37","date_gmt":"2022-07-21T15:25:37","guid":{"rendered":"https:\/\/buxel-gmbh.info\/?page_id=152"},"modified":"2022-07-25T18:24:37","modified_gmt":"2022-07-25T18:24:37","slug":"produkte","status":"publish","type":"page","link":"https:\/\/buxel-gmbh.info\/?page_id=152","title":{"rendered":"Produkte"},"content":{"rendered":"<p>Wir fertigen Industrie-Fu\u00dfb\u00f6den f\u00fcr den Einsatz in Montage-Zentren, Zubeh\u00f6r f\u00fcr Transportger\u00e4te, spezielle Teile f\u00fcr Gurtf\u00f6rdersysteme sowie Kugelrollen-Tische f\u00fcr Logistik-Unternehmen. Auch Sonderfertigungen f\u00fcr Fahrzeuge sind m\u00f6glich.<\/p>\n\n\n<figure class=\"wp-container-2 wp-block-gallery-1 wp-block-gallery has-nested-images columns-default is-cropped\">\n<figure class=\"wp-block-image size-large\"><img loading=\"lazy\" width=\"768\" height=\"1024\" data-id=\"149\"  src=\"https:\/\/buxel-gmbh.info\/wp-content\/uploads\/2022\/07\/IMG_20190502_104728-768x1024.jpg\" alt=\"\" class=\"wp-image-149\" srcset=\"https:\/\/buxel-gmbh.info\/wp-content\/uploads\/2022\/07\/IMG_20190502_104728-768x1024.jpg 768w, https:\/\/buxel-gmbh.info\/wp-content\/uploads\/2022\/07\/IMG_20190502_104728-225x300.jpg 225w, https:\/\/buxel-gmbh.info\/wp-content\/uploads\/2022\/07\/IMG_20190502_104728-1152x1536.jpg 1152w, https:\/\/buxel-gmbh.info\/wp-content\/uploads\/2022\/07\/IMG_20190502_104728-1536x2048.jpg 1536w, https:\/\/buxel-gmbh.info\/wp-content\/uploads\/2022\/07\/IMG_20190502_104728-scaled.jpg 1920w\" sizes=\"(max-width: 768px) 100vw, 768px\" \/><figcaption>dav<\/figcaption><\/figure>\n\n\n\n<figure class=\"wp-block-image size-large\"><img loading=\"lazy\" width=\"1920\" height=\"2560\" data-id=\"148\"  src=\"https:\/\/buxel-gmbh.info\/wp-content\/uploads\/2022\/07\/IMG_20190103_103815-scaled.jpg\" alt=\"\" class=\"wp-image-148\" srcset=\"https:\/\/buxel-gmbh.info\/wp-content\/uploads\/2022\/07\/IMG_20190103_103815-scaled.jpg 1920w, https:\/\/buxel-gmbh.info\/wp-content\/uploads\/2022\/07\/IMG_20190103_103815-225x300.jpg 225w, https:\/\/buxel-gmbh.info\/wp-content\/uploads\/2022\/07\/IMG_20190103_103815-768x1024.jpg 768w, https:\/\/buxel-gmbh.info\/wp-content\/uploads\/2022\/07\/IMG_20190103_103815-1152x1536.jpg 1152w, https:\/\/buxel-gmbh.info\/wp-content\/uploads\/2022\/07\/IMG_20190103_103815-1536x2048.jpg 1536w\" sizes=\"(max-width: 1920px) 100vw, 1920px\" \/><figcaption>dav<\/figcaption><\/figure>\n\n\n\n<figure class=\"wp-block-image size-large\"><img loading=\"lazy\" width=\"1920\" height=\"2560\" data-id=\"146\"  src=\"https:\/\/buxel-gmbh.info\/wp-content\/uploads\/2022\/07\/IMG_20180927_161100-scaled.jpg\" alt=\"\" class=\"wp-image-146\" srcset=\"https:\/\/buxel-gmbh.info\/wp-content\/uploads\/2022\/07\/IMG_20180927_161100-scaled.jpg 1920w, https:\/\/buxel-gmbh.info\/wp-content\/uploads\/2022\/07\/IMG_20180927_161100-225x300.jpg 225w, https:\/\/buxel-gmbh.info\/wp-content\/uploads\/2022\/07\/IMG_20180927_161100-768x1024.jpg 768w, https:\/\/buxel-gmbh.info\/wp-content\/uploads\/2022\/07\/IMG_20180927_161100-1152x1536.jpg 1152w, https:\/\/buxel-gmbh.info\/wp-content\/uploads\/2022\/07\/IMG_20180927_161100-1536x2048.jpg 1536w\" sizes=\"(max-width: 1920px) 100vw, 1920px\" \/><figcaption>dav<\/figcaption><\/figure>\n\n\n\n<figure class=\"wp-block-image size-large\"><img loading=\"lazy\" width=\"1912\" height=\"2560\" data-id=\"145\"  src=\"https:\/\/buxel-gmbh.info\/wp-content\/uploads\/2022\/07\/IMG_2174-scaled.jpg\" alt=\"\" class=\"wp-image-145\" srcset=\"https:\/\/buxel-gmbh.info\/wp-content\/uploads\/2022\/07\/IMG_2174-scaled.jpg 1912w, https:\/\/buxel-gmbh.info\/wp-content\/uploads\/2022\/07\/IMG_2174-224x300.jpg 224w, https:\/\/buxel-gmbh.info\/wp-content\/uploads\/2022\/07\/IMG_2174-765x1024.jpg 765w, https:\/\/buxel-gmbh.info\/wp-content\/uploads\/2022\/07\/IMG_2174-768x1028.jpg 768w, https:\/\/buxel-gmbh.info\/wp-content\/uploads\/2022\/07\/IMG_2174-1147x1536.jpg 1147w, https:\/\/buxel-gmbh.info\/wp-content\/uploads\/2022\/07\/IMG_2174-1530x2048.jpg 1530w\" sizes=\"(max-width: 1912px) 100vw, 1912px\" \/><\/figure>\n\n\n\n<figure class=\"wp-block-image size-large\"><img loading=\"lazy\" width=\"1912\" height=\"2560\" data-id=\"144\"  src=\"https:\/\/buxel-gmbh.info\/wp-content\/uploads\/2022\/07\/IMG_2172-scaled.jpg\" alt=\"\" class=\"wp-image-144\" srcset=\"https:\/\/buxel-gmbh.info\/wp-content\/uploads\/2022\/07\/IMG_2172-scaled.jpg 1912w, https:\/\/buxel-gmbh.info\/wp-content\/uploads\/2022\/07\/IMG_2172-224x300.jpg 224w, https:\/\/buxel-gmbh.info\/wp-content\/uploads\/2022\/07\/IMG_2172-765x1024.jpg 765w, https:\/\/buxel-gmbh.info\/wp-content\/uploads\/2022\/07\/IMG_2172-768x1028.jpg 768w, https:\/\/buxel-gmbh.info\/wp-content\/uploads\/2022\/07\/IMG_2172-1147x1536.jpg 1147w, https:\/\/buxel-gmbh.info\/wp-content\/uploads\/2022\/07\/IMG_2172-1530x2048.jpg 1530w\" sizes=\"(max-width: 1912px) 100vw, 1912px\" \/><\/figure>\n\n\n\n<figure class=\"wp-block-image size-large\"><img loading=\"lazy\" width=\"2560\" height=\"1912\" data-id=\"143\"  src=\"https:\/\/buxel-gmbh.info\/wp-content\/uploads\/2022\/07\/IMG_1472-scaled.jpg\" alt=\"\" class=\"wp-image-143\" srcset=\"https:\/\/buxel-gmbh.info\/wp-content\/uploads\/2022\/07\/IMG_1472-scaled.jpg 2560w, https:\/\/buxel-gmbh.info\/wp-content\/uploads\/2022\/07\/IMG_1472-300x224.jpg 300w, https:\/\/buxel-gmbh.info\/wp-content\/uploads\/2022\/07\/IMG_1472-1024x765.jpg 1024w, https:\/\/buxel-gmbh.info\/wp-content\/uploads\/2022\/07\/IMG_1472-768x574.jpg 768w, https:\/\/buxel-gmbh.info\/wp-content\/uploads\/2022\/07\/IMG_1472-1536x1147.jpg 1536w, https:\/\/buxel-gmbh.info\/wp-content\/uploads\/2022\/07\/IMG_1472-2048x1530.jpg 2048w\" sizes=\"(max-width: 2560px) 100vw, 2560px\" \/><\/figure>\n<\/figure>\n\n\n\n<figure class=\"wp-container-4 wp-block-gallery-3 wp-block-gallery has-nested-images columns-default is-cropped\">\n<figure class=\"wp-block-image size-large\"><img loading=\"lazy\" width=\"1920\" height=\"2560\" data-id=\"165\"  src=\"https:\/\/buxel-gmbh.info\/wp-content\/uploads\/2022\/07\/IMG_20220518_122039-scaled.jpg\" alt=\"\" class=\"wp-image-165\" srcset=\"https:\/\/buxel-gmbh.info\/wp-content\/uploads\/2022\/07\/IMG_20220518_122039-scaled.jpg 1920w, https:\/\/buxel-gmbh.info\/wp-content\/uploads\/2022\/07\/IMG_20220518_122039-225x300.jpg 225w, https:\/\/buxel-gmbh.info\/wp-content\/uploads\/2022\/07\/IMG_20220518_122039-768x1024.jpg 768w, https:\/\/buxel-gmbh.info\/wp-content\/uploads\/2022\/07\/IMG_20220518_122039-1152x1536.jpg 1152w, https:\/\/buxel-gmbh.info\/wp-content\/uploads\/2022\/07\/IMG_20220518_122039-1536x2048.jpg 1536w\" sizes=\"(max-width: 1920px) 100vw, 1920px\" \/><figcaption>sdr<\/figcaption><\/figure>\n\n\n\n<figure class=\"wp-block-image size-large\"><img loading=\"lazy\" width=\"1920\" height=\"2560\" data-id=\"162\"  src=\"https:\/\/buxel-gmbh.info\/wp-content\/uploads\/2022\/07\/IMG_20220518_121848-scaled.jpg\" alt=\"\" class=\"wp-image-162\" srcset=\"https:\/\/buxel-gmbh.info\/wp-content\/uploads\/2022\/07\/IMG_20220518_121848-scaled.jpg 1920w, https:\/\/buxel-gmbh.info\/wp-content\/uploads\/2022\/07\/IMG_20220518_121848-225x300.jpg 225w, https:\/\/buxel-gmbh.info\/wp-content\/uploads\/2022\/07\/IMG_20220518_121848-768x1024.jpg 768w, https:\/\/buxel-gmbh.info\/wp-content\/uploads\/2022\/07\/IMG_20220518_121848-1152x1536.jpg 1152w, https:\/\/buxel-gmbh.info\/wp-content\/uploads\/2022\/07\/IMG_20220518_121848-1536x2048.jpg 1536w\" sizes=\"(max-width: 1920px) 100vw, 1920px\" \/><figcaption>sdr<\/figcaption><\/figure>\n\n\n\n<figure class=\"wp-block-image size-large\"><img loading=\"lazy\" width=\"1920\" height=\"2560\" data-id=\"161\"  src=\"https:\/\/buxel-gmbh.info\/wp-content\/uploads\/2022\/07\/IMG_20211110_141426-scaled.jpg\" alt=\"\" class=\"wp-image-161\" srcset=\"https:\/\/buxel-gmbh.info\/wp-content\/uploads\/2022\/07\/IMG_20211110_141426-scaled.jpg 1920w, https:\/\/buxel-gmbh.info\/wp-content\/uploads\/2022\/07\/IMG_20211110_141426-225x300.jpg 225w, https:\/\/buxel-gmbh.info\/wp-content\/uploads\/2022\/07\/IMG_20211110_141426-768x1024.jpg 768w, https:\/\/buxel-gmbh.info\/wp-content\/uploads\/2022\/07\/IMG_20211110_141426-1152x1536.jpg 1152w, https:\/\/buxel-gmbh.info\/wp-content\/uploads\/2022\/07\/IMG_20211110_141426-1536x2048.jpg 1536w\" sizes=\"(max-width: 1920px) 100vw, 1920px\" \/><figcaption>dav<\/figcaption><\/figure>\n\n\n\n<figure class=\"wp-block-image size-large\"><img loading=\"lazy\" width=\"1920\" height=\"2560\" data-id=\"160\"  src=\"https:\/\/buxel-gmbh.info\/wp-content\/uploads\/2022\/07\/IMG_20210501_161828-scaled.jpg\" alt=\"\" class=\"wp-image-160\" srcset=\"https:\/\/buxel-gmbh.info\/wp-content\/uploads\/2022\/07\/IMG_20210501_161828-scaled.jpg 1920w, https:\/\/buxel-gmbh.info\/wp-content\/uploads\/2022\/07\/IMG_20210501_161828-225x300.jpg 225w, https:\/\/buxel-gmbh.info\/wp-content\/uploads\/2022\/07\/IMG_20210501_161828-768x1024.jpg 768w, https:\/\/buxel-gmbh.info\/wp-content\/uploads\/2022\/07\/IMG_20210501_161828-1152x1536.jpg 1152w, https:\/\/buxel-gmbh.info\/wp-content\/uploads\/2022\/07\/IMG_20210501_161828-1536x2048.jpg 1536w\" sizes=\"(max-width: 1920px) 100vw, 1920px\" \/><figcaption>dav<\/figcaption><\/figure>\n\n\n\n<figure class=\"wp-block-image size-large\"><img loading=\"lazy\" width=\"1920\" height=\"2560\" data-id=\"159\"  src=\"https:\/\/buxel-gmbh.info\/wp-content\/uploads\/2022\/07\/IMG_20201119_165447-scaled.jpg\" alt=\"\" class=\"wp-image-159\" srcset=\"https:\/\/buxel-gmbh.info\/wp-content\/uploads\/2022\/07\/IMG_20201119_165447-scaled.jpg 1920w, https:\/\/buxel-gmbh.info\/wp-content\/uploads\/2022\/07\/IMG_20201119_165447-225x300.jpg 225w, https:\/\/buxel-gmbh.info\/wp-content\/uploads\/2022\/07\/IMG_20201119_165447-768x1024.jpg 768w, https:\/\/buxel-gmbh.info\/wp-content\/uploads\/2022\/07\/IMG_20201119_165447-1152x1536.jpg 1152w, https:\/\/buxel-gmbh.info\/wp-content\/uploads\/2022\/07\/IMG_20201119_165447-1536x2048.jpg 1536w\" sizes=\"(max-width: 1920px) 100vw, 1920px\" \/><figcaption>dav<\/figcaption><\/figure>\n<\/figure>\n\n\n\n<figure class=\"wp-block-image size-large is-resized\"><img loading=\"lazy\" src=\"https:\/\/buxel-gmbh.info\/wp-content\/uploads\/2022\/07\/IMG_20210508_190255-768x1024.jpg\" alt=\"\" class=\"wp-image-187\" width=\"371\" height=\"495\" srcset=\"https:\/\/buxel-gmbh.info\/wp-content\/uploads\/2022\/07\/IMG_20210508_190255-768x1024.jpg 768w, https:\/\/buxel-gmbh.info\/wp-content\/uploads\/2022\/07\/IMG_20210508_190255-225x300.jpg 225w, https:\/\/buxel-gmbh.info\/wp-content\/uploads\/2022\/07\/IMG_20210508_190255-1152x1536.jpg 1152w, https:\/\/buxel-gmbh.info\/wp-content\/uploads\/2022\/07\/IMG_20210508_190255-1536x2048.jpg 1536w, https:\/\/buxel-gmbh.info\/wp-content\/uploads\/2022\/07\/IMG_20210508_190255-scaled.jpg 1920w\" sizes=\"(max-width: 371px) 100vw, 371px\" \/><figcaption>mde<\/figcaption><\/figure>\n","protected":false},"excerpt":{"rendered":"<p>Wir fertigen Industrie-Fu\u00dfb\u00f6den f\u00fcr den Einsatz in Montage-Zentren, Zubeh\u00f6r f\u00fcr Transportger\u00e4te, spezielle Teile f\u00fcr Gurtf\u00f6rdersysteme sowie Kugelrollen-Tische f\u00fcr Logistik-Unternehmen. Auch<\/p>\n","protected":false},"author":1,"featured_media":0,"parent":0,"menu_order":0,"comment_status":"closed","ping_status":"closed","template":"template-fullwidth.php","meta":[],"_links":{"self":[{"href":"https:\/\/buxel-gmbh.info\/index.php?rest_route=\/wp\/v2\/pages\/152"}],"collection":[{"href":"https:\/\/buxel-gmbh.info\/index.php?rest_route=\/wp\/v2\/pages"}],"about":[{"href":"https:\/\/buxel-gmbh.info\/index.php?rest_route=\/wp\/v2\/types\/page"}],"author":[{"embeddable":true,"href":"https:\/\/buxel-gmbh.info\/index.php?rest_route=\/wp\/v2\/users\/1"}],"replies":[{"embeddable":true,"href":"https:\/\/buxel-gmbh.info\/index.php?rest_route=%2Fwp%2Fv2%2Fcomments&post=152"}],"version-history":[{"count":7,"href":"https:\/\/buxel-gmbh.info\/index.php?rest_route=\/wp\/v2\/pages\/152\/revisions"}],"predecessor-version":[{"id":205,"href":"https:\/\/buxel-gmbh.info\/index.php?rest_route=\/wp\/v2\/pages\/152\/revisions\/205"}],"wp:attachment":[{"href":"https:\/\/buxel-gmbh.info\/index.php?rest_route=%2Fwp%2Fv2%2Fmedia&parent=152"}],"curies":[{"name":"wp","href":"https:\/\/api.w.org\/{rel}","templated":true}]}}